{"id":868,"date":"2024-02-12T16:32:06","date_gmt":"2024-02-12T16:32:06","guid":{"rendered":"https:\/\/lifecoacher.ai\/passwort-zuruecksetzen\/"},"modified":"2024-06-18T20:32:50","modified_gmt":"2024-06-18T20:32:50","slug":"passwort-zuruecksetzen","status":"publish","type":"page","link":"https:\/\/lifecoacher.ai\/de\/passwort-zuruecksetzen\/","title":{"rendered":"Passwort zur\u00fccksetzen"},"content":{"rendered":"\t\t<div data-elementor-type=\"wp-page\" data-elementor-id=\"868\" class=\"elementor elementor-868 elementor-269\" data-elementor-post-type=\"page\">\n\t\t\t\t<div class=\"elementor-element elementor-element-5fce55ae e-flex e-con-boxed e-con e-parent\" data-id=\"5fce55ae\" data-element_type=\"container\" data-e-type=\"container\">\n\t\t\t\t\t<div class=\"e-con-inner\">\n\t\t\t\t\t<\/div>\n\t\t\t\t<\/div>\n\t\t<div class=\"elementor-element elementor-element-1c640afd e-con-full e-flex e-con e-parent\" data-id=\"1c640afd\" data-element_type=\"container\" data-e-type=\"container\">\n\t\t<div class=\"elementor-element elementor-element-1d367737 e-con-full e-flex e-con e-child\" data-id=\"1d367737\" data-element_type=\"container\" data-e-type=\"container\" data-settings=\"{&quot;background_background&quot;:&quot;slideshow&quot;,&quot;background_slideshow_gallery&quot;:[{&quot;id&quot;:&quot;383&quot;,&quot;url&quot;:&quot;https:\\\/\\\/lifecoacher.ai\\\/wp-content\\\/uploads\\\/2024\\\/02\\\/footer-slider_0000.jpg&quot;},{&quot;id&quot;:&quot;384&quot;,&quot;url&quot;:&quot;https:\\\/\\\/lifecoacher.ai\\\/wp-content\\\/uploads\\\/2024\\\/02\\\/footer-slider_0001.jpg&quot;},{&quot;id&quot;:&quot;385&quot;,&quot;url&quot;:&quot;https:\\\/\\\/lifecoacher.ai\\\/wp-content\\\/uploads\\\/2024\\\/02\\\/footer-slider_0002.jpg&quot;}],&quot;background_slideshow_loop&quot;:&quot;yes&quot;,&quot;background_slideshow_slide_duration&quot;:5000,&quot;background_slideshow_slide_transition&quot;:&quot;fade&quot;,&quot;background_slideshow_transition_duration&quot;:500}\">\n\t\t\t\t<\/div>\n\t\t<div class=\"elementor-element elementor-element-3b5be81a e-con-full e-flex e-con e-child\" data-id=\"3b5be81a\" data-element_type=\"container\" data-e-type=\"container\" data-settings=\"{&quot;background_background&quot;:&quot;classic&quot;}\">\n\t\t\t\t<div class=\"elementor-element elementor-element-74a2cdbf elementor-widget elementor-widget-shortcode\" data-id=\"74a2cdbf\" data-element_type=\"widget\" data-e-type=\"widget\" data-widget_type=\"shortcode.default\">\n\t\t\t\t<div class=\"elementor-widget-container\">\n\t\t\t\t\t\t\t<div class=\"elementor-shortcode\">\n<form id=\"pms_recover_password_form\" class=\"pms-form \"  method=\"post\" action=\"\">\n\n    <input type=\"hidden\" id=\"pmstkn\" name=\"pmstkn\" value=\"23440713b2\" \/><input type=\"hidden\" name=\"_wp_http_referer\" value=\"\/de\/wp-json\/wp\/v2\/pages\/868\" \/>\n    <p>Bitte Benutzernamen oder Emailadresse eingeben.<br \/>Es wird eine Email mit einem Link zur Gernerierung des neuen Passwortes geschickt.<\/p>\n    <ul class=\"pms-form-fields-wrapper\">\n\n        \n                <li class=\"pms-field \">\n            <label for=\"pms_username_email\">Benutzername oder Email<\/label>\n            <input id=\"pms_username_email\" name=\"pms_username_email\" type=\"text\" value=\"\" \/>\n\n                    <\/li>\n\n        \n    <\/ul>\n\n    \n    <input type=\"submit\" name=\"wp-submit\" value=\"Passwort zur\u00fccksetzen\"\/>\n\n<\/form>\n\n\n\n<\/div>\n\t\t\t\t\t\t<\/div>\n\t\t\t\t<\/div>\n\t\t\t\t<div class=\"elementor-element elementor-element-396b6d81 elementor-widget elementor-widget-heading\" data-id=\"396b6d81\" data-element_type=\"widget\" data-e-type=\"widget\" data-widget_type=\"heading.default\">\n\t\t\t\t<div class=\"elementor-widget-container\">\n\t\t\t\t\t<h2 class=\"elementor-heading-title elementor-size-default\">Sie m\u00fcssen nicht allein durch Ihre Lebensk\u00e4mpfe gehen. Nehmen Sie noch heute Kontakt auf.<\/h2>\t\t\t\t<\/div>\n\t\t\t\t<\/div>\n\t\t\t\t<div class=\"elementor-element elementor-element-36a6b3be elementor-widget elementor-widget-text-editor\" data-id=\"36a6b3be\" data-element_type=\"widget\" data-e-type=\"widget\" data-widget_type=\"text-editor.default\">\n\t\t\t\t<div class=\"elementor-widget-container\">\n\t\t\t\t\t\t\t\t\t<p>Geistestherapeut mit KI-Technologie. 24\/7 zu Ihren Diensten<\/p>\n\t\t\t\t\t\t\t\t<\/div>\n\t\t\t\t<\/div>\n\t\t\t\t<div class=\"elementor-element elementor-element-50f0a2a elementor-tablet-align-center elementor-mobile-align-left elementor-widget elementor-widget-button\" data-id=\"50f0a2a\" data-element_type=\"widget\" data-e-type=\"widget\" data-widget_type=\"button.default\">\n\t\t\t\t<div class=\"elementor-widget-container\">\n\t\t\t\t\t\t\t\t\t<div class=\"elementor-button-wrapper\">\n\t\t\t\t\t<a class=\"elementor-button elementor-button-link elementor-size-sm\" href=\"https:\/\/lifecoacher.ai\/live\/\">\n\t\t\t\t\t\t<span class=\"elementor-button-content-wrapper\">\n\t\t\t\t\t\t\t\t\t<span class=\"elementor-button-text\">Sprechen Sie jetzt mit dem AI MIND THERAPIST<\/span>\n\t\t\t\t\t<\/span>\n\t\t\t\t\t<\/a>\n\t\t\t\t<\/div>\n\t\t\t\t\t\t\t\t<\/div>\n\t\t\t\t<\/div>\n\t\t\t\t<\/div>\n\t\t\t\t<\/div>\n\t\t\t\t<\/div>\n\t\t","protected":false},"excerpt":{"rendered":"<p>Sie m\u00fcssen nicht allein durch Ihre Lebensk\u00e4mpfe gehen. Nehmen Sie noch heute Kontakt auf. Geistestherapeut mit KI-Technologie. 24\/7 zu Ihren Diensten Sprechen Sie jetzt mit dem AI MIND THERAPIST<\/p>\n","protected":false},"author":1,"featured_media":0,"parent":0,"menu_order":0,"comment_status":"closed","ping_status":"closed","template":"elementor_header_footer","meta":{"footnotes":""},"class_list":["post-868","page","type-page","status-publish","hentry"],"yoast_head":"<!-- This site is optimized with the Yoast SEO plugin v27.4 - https:\/\/yoast.com\/product\/yoast-seo-wordpress\/ -->\n<title>Passwort zur\u00fccksetzen - Lifecoacher.ai - personal development consultant<\/title>\n<meta name=\"robots\" content=\"index, follow, max-snippet:-1, max-image-preview:large, max-video-preview:-1\" \/>\n<link rel=\"canonical\" href=\"https:\/\/lifecoacher.ai\/de\/passwort-zuruecksetzen\/\" \/>\n<meta property=\"og:locale\" content=\"de_DE\" \/>\n<meta property=\"og:type\" content=\"article\" \/>\n<meta property=\"og:title\" content=\"Passwort zur\u00fccksetzen - Lifecoacher.ai - personal development consultant\" \/>\n<meta property=\"og:description\" content=\"Sie m\u00fcssen nicht allein durch Ihre Lebensk\u00e4mpfe gehen. Nehmen Sie noch heute Kontakt auf. Geistestherapeut mit KI-Technologie. 24\/7 zu Ihren Diensten Sprechen Sie jetzt mit dem AI MIND THERAPIST\" \/>\n<meta property=\"og:url\" content=\"https:\/\/lifecoacher.ai\/de\/passwort-zuruecksetzen\/\" \/>\n<meta property=\"og:site_name\" content=\"Lifecoacher.ai - personal development consultant\" \/>\n<meta property=\"article:modified_time\" content=\"2024-06-18T20:32:50+00:00\" \/>\n<meta name=\"twitter:card\" content=\"summary_large_image\" \/>\n<script type=\"application\/ld+json\" class=\"yoast-schema-graph\">{\"@context\":\"https:\\\/\\\/schema.org\",\"@graph\":[{\"@type\":\"WebPage\",\"@id\":\"https:\\\/\\\/lifecoacher.ai\\\/de\\\/passwort-zuruecksetzen\\\/\",\"url\":\"https:\\\/\\\/lifecoacher.ai\\\/de\\\/passwort-zuruecksetzen\\\/\",\"name\":\"Passwort zur\u00fccksetzen - Lifecoacher.ai - personal development consultant\",\"isPartOf\":{\"@id\":\"https:\\\/\\\/lifecoacher.ai\\\/de\\\/#website\"},\"datePublished\":\"2024-02-12T16:32:06+00:00\",\"dateModified\":\"2024-06-18T20:32:50+00:00\",\"breadcrumb\":{\"@id\":\"https:\\\/\\\/lifecoacher.ai\\\/de\\\/passwort-zuruecksetzen\\\/#breadcrumb\"},\"inLanguage\":\"de\",\"potentialAction\":[{\"@type\":\"ReadAction\",\"target\":[\"https:\\\/\\\/lifecoacher.ai\\\/de\\\/passwort-zuruecksetzen\\\/\"]}]},{\"@type\":\"BreadcrumbList\",\"@id\":\"https:\\\/\\\/lifecoacher.ai\\\/de\\\/passwort-zuruecksetzen\\\/#breadcrumb\",\"itemListElement\":[{\"@type\":\"ListItem\",\"position\":1,\"name\":\"Home\",\"item\":\"https:\\\/\\\/lifecoacher.ai\\\/de\\\/startseite\\\/\"},{\"@type\":\"ListItem\",\"position\":2,\"name\":\"Passwort zur\u00fccksetzen\"}]},{\"@type\":\"WebSite\",\"@id\":\"https:\\\/\\\/lifecoacher.ai\\\/de\\\/#website\",\"url\":\"https:\\\/\\\/lifecoacher.ai\\\/de\\\/\",\"name\":\"Mind therapist - personal development consultant AI lifecoacher\",\"description\":\"Lifecoacher.ai - personal development consultant\",\"publisher\":{\"@id\":\"https:\\\/\\\/lifecoacher.ai\\\/de\\\/#organization\"},\"potentialAction\":[{\"@type\":\"SearchAction\",\"target\":{\"@type\":\"EntryPoint\",\"urlTemplate\":\"https:\\\/\\\/lifecoacher.ai\\\/de\\\/?s={search_term_string}\"},\"query-input\":{\"@type\":\"PropertyValueSpecification\",\"valueRequired\":true,\"valueName\":\"search_term_string\"}}],\"inLanguage\":\"de\"},{\"@type\":\"Organization\",\"@id\":\"https:\\\/\\\/lifecoacher.ai\\\/de\\\/#organization\",\"name\":\"Mind therapist - personal development consultant\",\"url\":\"https:\\\/\\\/lifecoacher.ai\\\/de\\\/\",\"logo\":{\"@type\":\"ImageObject\",\"inLanguage\":\"de\",\"@id\":\"https:\\\/\\\/lifecoacher.ai\\\/de\\\/#\\\/schema\\\/logo\\\/image\\\/\",\"url\":\"https:\\\/\\\/lifecoacher.ai\\\/wp-content\\\/uploads\\\/2024\\\/01\\\/logo.jpg\",\"contentUrl\":\"https:\\\/\\\/lifecoacher.ai\\\/wp-content\\\/uploads\\\/2024\\\/01\\\/logo.jpg\",\"width\":300,\"height\":300,\"caption\":\"Mind therapist - personal development consultant\"},\"image\":{\"@id\":\"https:\\\/\\\/lifecoacher.ai\\\/de\\\/#\\\/schema\\\/logo\\\/image\\\/\"}}]}<\/script>\n<!-- \/ Yoast SEO plugin. -->","yoast_head_json":{"title":"Passwort zur\u00fccksetzen - Lifecoacher.ai - personal development consultant","robots":{"index":"index","follow":"follow","max-snippet":"max-snippet:-1","max-image-preview":"max-image-preview:large","max-video-preview":"max-video-preview:-1"},"canonical":"https:\/\/lifecoacher.ai\/de\/passwort-zuruecksetzen\/","og_locale":"de_DE","og_type":"article","og_title":"Passwort zur\u00fccksetzen - Lifecoacher.ai - personal development consultant","og_description":"Sie m\u00fcssen nicht allein durch Ihre Lebensk\u00e4mpfe gehen. Nehmen Sie noch heute Kontakt auf. Geistestherapeut mit KI-Technologie. 24\/7 zu Ihren Diensten Sprechen Sie jetzt mit dem AI MIND THERAPIST","og_url":"https:\/\/lifecoacher.ai\/de\/passwort-zuruecksetzen\/","og_site_name":"Lifecoacher.ai - personal development consultant","article_modified_time":"2024-06-18T20:32:50+00:00","twitter_card":"summary_large_image","schema":{"@context":"https:\/\/schema.org","@graph":[{"@type":"WebPage","@id":"https:\/\/lifecoacher.ai\/de\/passwort-zuruecksetzen\/","url":"https:\/\/lifecoacher.ai\/de\/passwort-zuruecksetzen\/","name":"Passwort zur\u00fccksetzen - Lifecoacher.ai - personal development consultant","isPartOf":{"@id":"https:\/\/lifecoacher.ai\/de\/#website"},"datePublished":"2024-02-12T16:32:06+00:00","dateModified":"2024-06-18T20:32:50+00:00","breadcrumb":{"@id":"https:\/\/lifecoacher.ai\/de\/passwort-zuruecksetzen\/#breadcrumb"},"inLanguage":"de","potentialAction":[{"@type":"ReadAction","target":["https:\/\/lifecoacher.ai\/de\/passwort-zuruecksetzen\/"]}]},{"@type":"BreadcrumbList","@id":"https:\/\/lifecoacher.ai\/de\/passwort-zuruecksetzen\/#breadcrumb","itemListElement":[{"@type":"ListItem","position":1,"name":"Home","item":"https:\/\/lifecoacher.ai\/de\/startseite\/"},{"@type":"ListItem","position":2,"name":"Passwort zur\u00fccksetzen"}]},{"@type":"WebSite","@id":"https:\/\/lifecoacher.ai\/de\/#website","url":"https:\/\/lifecoacher.ai\/de\/","name":"Mind therapist - personal development consultant AI lifecoacher","description":"Lifecoacher.ai - personal development consultant","publisher":{"@id":"https:\/\/lifecoacher.ai\/de\/#organization"},"potentialAction":[{"@type":"SearchAction","target":{"@type":"EntryPoint","urlTemplate":"https:\/\/lifecoacher.ai\/de\/?s={search_term_string}"},"query-input":{"@type":"PropertyValueSpecification","valueRequired":true,"valueName":"search_term_string"}}],"inLanguage":"de"},{"@type":"Organization","@id":"https:\/\/lifecoacher.ai\/de\/#organization","name":"Mind therapist - personal development consultant","url":"https:\/\/lifecoacher.ai\/de\/","logo":{"@type":"ImageObject","inLanguage":"de","@id":"https:\/\/lifecoacher.ai\/de\/#\/schema\/logo\/image\/","url":"https:\/\/lifecoacher.ai\/wp-content\/uploads\/2024\/01\/logo.jpg","contentUrl":"https:\/\/lifecoacher.ai\/wp-content\/uploads\/2024\/01\/logo.jpg","width":300,"height":300,"caption":"Mind therapist - personal development consultant"},"image":{"@id":"https:\/\/lifecoacher.ai\/de\/#\/schema\/logo\/image\/"}}]}},"_links":{"self":[{"href":"https:\/\/lifecoacher.ai\/de\/wp-json\/wp\/v2\/pages\/868","targetHints":{"allow":["GET"]}}],"collection":[{"href":"https:\/\/lifecoacher.ai\/de\/wp-json\/wp\/v2\/pages"}],"about":[{"href":"https:\/\/lifecoacher.ai\/de\/wp-json\/wp\/v2\/types\/page"}],"author":[{"embeddable":true,"href":"https:\/\/lifecoacher.ai\/de\/wp-json\/wp\/v2\/users\/1"}],"replies":[{"embeddable":true,"href":"https:\/\/lifecoacher.ai\/de\/wp-json\/wp\/v2\/comments?post=868"}],"version-history":[{"count":1,"href":"https:\/\/lifecoacher.ai\/de\/wp-json\/wp\/v2\/pages\/868\/revisions"}],"predecessor-version":[{"id":869,"href":"https:\/\/lifecoacher.ai\/de\/wp-json\/wp\/v2\/pages\/868\/revisions\/869"}],"wp:attachment":[{"href":"https:\/\/lifecoacher.ai\/de\/wp-json\/wp\/v2\/media?parent=868"}],"curies":[{"name":"wp","href":"https:\/\/api.w.org\/{rel}","templated":true}]}}