{"id":914,"date":"2024-02-12T16:32:06","date_gmt":"2024-02-12T16:32:06","guid":{"rendered":"https:\/\/lifecoacher.ai\/konto\/"},"modified":"2024-06-18T20:33:01","modified_gmt":"2024-06-18T20:33:01","slug":"konto","status":"publish","type":"page","link":"https:\/\/lifecoacher.ai\/de\/konto\/","title":{"rendered":"Konto"},"content":{"rendered":"\t\t<div data-elementor-type=\"wp-page\" data-elementor-id=\"914\" class=\"elementor elementor-914 elementor-268\" data-elementor-post-type=\"page\">\n\t\t\t\t<div class=\"elementor-element elementor-element-203b4cda e-con-full e-flex e-con e-parent\" data-id=\"203b4cda\" data-element_type=\"container\" data-e-type=\"container\">\n\t\t<div class=\"elementor-element elementor-element-39618270 e-con-full e-flex e-con e-child\" data-id=\"39618270\" data-element_type=\"container\" data-e-type=\"container\" data-settings=\"{&quot;background_background&quot;:&quot;classic&quot;}\">\n\t\t\t\t<div class=\"elementor-element elementor-element-528f8249 elementor-widget elementor-widget-heading\" data-id=\"528f8249\" data-element_type=\"widget\" data-e-type=\"widget\" data-widget_type=\"heading.default\">\n\t\t\t\t<div class=\"elementor-widget-container\">\n\t\t\t\t\t<h6 class=\"elementor-heading-title elementor-size-default\">\u00c4ndern Sie Ihre Denkweise, \u00e4ndern Sie Ihr Leben<\/h6>\t\t\t\t<\/div>\n\t\t\t\t<\/div>\n\t\t\t\t<div class=\"elementor-element elementor-element-136af85f elementor-widget elementor-widget-shortcode\" data-id=\"136af85f\" data-element_type=\"widget\" data-e-type=\"widget\" data-widget_type=\"shortcode.default\">\n\t\t\t\t<div class=\"elementor-widget-container\">\n\t\t\t\t\t\t\t<div class=\"elementor-shortcode\">            <form name=\"pms_login\" id=\"pms_login\" class=\"pms-form \" action=\"\" method=\"post\">\n                \n                <p class=\"login-username\">\n                    <label for=\"user_login\">Benutzername oder Email<\/label>\n                    <input type=\"text\" name=\"log\" id=\"user_login\" class=\"input\" value=\"\" size=\"20\" \/>\n                <\/p>\n\n                <p class=\"login-password\">\n                    <label for=\"user_pass\">Passwort<\/label>\n                    <input type=\"password\" name=\"pwd\" id=\"user_pass\" class=\"input\" value=\"\" size=\"20\" \/>\n                <\/p>\n\n                \n                                    <p class=\"login-remember\">\n                        <input name=\"rememberme\" type=\"checkbox\" id=\"rememberme\" value=\"forever\"  \/>\n\n                        <label for=\"rememberme\">\n                            Passwort merken                        <\/label>\n                    <\/p>\n                \n                <p class=\"login-submit\">\n                    <input type=\"submit\" name=\"wp-submit\" id=\"wp-submit\" class=\"button button-primary\" value=\"Anmelden\" \/>\n                    <input type=\"hidden\" name=\"redirect_to\" value=\"https:\/\/lifecoacher.ai\/de\/wp-json\/wp\/v2\/pages\/914\" \/>\n                    <input type=\"hidden\" name=\"pms_login_nonce\" value=\"a66e23b198\" \/>\n                <\/p>\n\n                <p class=\"login-extra\">\n                    <input type=\"hidden\" name=\"pms_login\" value=\"1\" \/><input type=\"hidden\" name=\"pms_redirect\" value=\"https:\/\/lifecoacher.ai\/de\/wp-json\/wp\/v2\/pages\/914\" \/><a class=\"register\" href=\"https:\/\/lifecoacher.ai\/el\/register\/\">Registrieren<\/a><span class=\"separator\">|<\/span><a class=\"lostpassword\" href=\"https:\/\/lifecoacher.ai\/el\/password-reset\/\">Passwort vergessen?<\/a>                <\/p>\n            <\/form>\n        <\/div>\n\t\t\t\t\t\t<\/div>\n\t\t\t\t<\/div>\n\t\t\t\t<div class=\"elementor-element elementor-element-3ef2a1fe elementor-widget elementor-widget-heading\" data-id=\"3ef2a1fe\" data-element_type=\"widget\" data-e-type=\"widget\" data-widget_type=\"heading.default\">\n\t\t\t\t<div class=\"elementor-widget-container\">\n\t\t\t\t\t<h3 class=\"elementor-heading-title elementor-size-default\">Lassen Sie den Therapeuten f\u00fcr Sie sorgen<\/h3>\t\t\t\t<\/div>\n\t\t\t\t<\/div>\n\t\t\t\t<div class=\"elementor-element elementor-element-b5399b7 elementor-widget elementor-widget-button\" data-id=\"b5399b7\" data-element_type=\"widget\" data-e-type=\"widget\" data-widget_type=\"button.default\">\n\t\t\t\t<div class=\"elementor-widget-container\">\n\t\t\t\t\t\t\t\t\t<div class=\"elementor-button-wrapper\">\n\t\t\t\t\t<a class=\"elementor-button elementor-button-link elementor-size-sm\" href=\"#\">\n\t\t\t\t\t\t<span class=\"elementor-button-content-wrapper\">\n\t\t\t\t\t\t\t\t\t<span class=\"elementor-button-text\">jetzt beginnen<\/span>\n\t\t\t\t\t<\/span>\n\t\t\t\t\t<\/a>\n\t\t\t\t<\/div>\n\t\t\t\t\t\t\t\t<\/div>\n\t\t\t\t<\/div>\n\t\t\t\t<div class=\"elementor-element elementor-element-a5f4d57 elementor-align-center elementor-widget elementor-widget-button\" data-id=\"a5f4d57\" data-element_type=\"widget\" data-e-type=\"widget\" data-widget_type=\"button.default\">\n\t\t\t\t<div class=\"elementor-widget-container\">\n\t\t\t\t\t\t\t\t\t<div class=\"elementor-button-wrapper\">\n\t\t\t\t\t<a class=\"elementor-button elementor-button-link elementor-size-lg elementor-animation-grow\" href=\"https:\/\/lifecoacher.ai\/live\/\">\n\t\t\t\t\t\t<span class=\"elementor-button-content-wrapper\">\n\t\t\t\t\t\t\t\t\t<span class=\"elementor-button-text\">CHATTEN SIE JETZT LIVE MIT DEM GEISTTHERAPEUTEN<\/span>\n\t\t\t\t\t<\/span>\n\t\t\t\t\t<\/a>\n\t\t\t\t<\/div>\n\t\t\t\t\t\t\t\t<\/div>\n\t\t\t\t<\/div>\n\t\t\t\t<\/div>\n\t\t<div class=\"elementor-element elementor-element-5dd028e6 e-con-full e-flex e-con e-child\" data-id=\"5dd028e6\" data-element_type=\"container\" data-e-type=\"container\" data-settings=\"{&quot;background_background&quot;:&quot;classic&quot;}\">\n\t\t\t\t<\/div>\n\t\t\t\t<\/div>\n\t\t<footer class=\"elementor-element elementor-element-4991b36b e-con-full e-flex e-con e-parent\" data-id=\"4991b36b\" data-element_type=\"container\" data-e-type=\"container\">\n\t\t<div class=\"elementor-element elementor-element-572c867 e-con-full e-flex e-con e-child\" data-id=\"572c867\" data-element_type=\"container\" data-e-type=\"container\">\n\t\t\t\t<div class=\"elementor-element elementor-element-4b9bd912 elementor-widget elementor-widget-image\" data-id=\"4b9bd912\" data-element_type=\"widget\" data-e-type=\"widget\" data-widget_type=\"image.default\">\n\t\t\t\t<div class=\"elementor-widget-container\">\n\t\t\t\t\t\t\t\t\t\t\t\t\t\t\t\t<a href=\"https:\/\/lifecoacher.ai\/de\/\">\n\t\t\t\t\t\t\t<img fetchpriority=\"high\" decoding=\"async\" width=\"512\" height=\"512\" src=\"https:\/\/lifecoacher.ai\/wp-content\/uploads\/2024\/02\/2.png\" class=\"attachment-full size-full wp-image-355\" alt=\"\" srcset=\"https:\/\/lifecoacher.ai\/wp-content\/uploads\/2024\/02\/2.png 512w, https:\/\/lifecoacher.ai\/wp-content\/uploads\/2024\/02\/2-300x300.png 300w, https:\/\/lifecoacher.ai\/wp-content\/uploads\/2024\/02\/2-150x150.png 150w\" sizes=\"(max-width: 512px) 100vw, 512px\" \/>\t\t\t\t\t\t\t\t<\/a>\n\t\t\t\t\t\t\t\t\t\t\t\t\t\t\t<\/div>\n\t\t\t\t<\/div>\n\t\t\t\t<\/div>\n\t\t<div class=\"elementor-element elementor-element-5b40d313 e-con-full e-flex e-con e-child\" data-id=\"5b40d313\" data-element_type=\"container\" data-e-type=\"container\">\n\t\t\t\t<div class=\"elementor-element elementor-element-70749b01 elementor-widget elementor-widget-heading\" data-id=\"70749b01\" data-element_type=\"widget\" data-e-type=\"widget\" data-widget_type=\"heading.default\">\n\t\t\t\t<div class=\"elementor-widget-container\">\n\t\t\t\t\t<h4 class=\"elementor-heading-title elementor-size-default\">Psychotherapeutin<\/h4>\t\t\t\t<\/div>\n\t\t\t\t<\/div>\n\t\t\t\t<div class=\"elementor-element elementor-element-5c3fb7ab elementor-widget elementor-widget-text-editor\" data-id=\"5c3fb7ab\" data-element_type=\"widget\" data-e-type=\"widget\" data-widget_type=\"text-editor.default\">\n\t\t\t\t<div class=\"elementor-widget-container\">\n\t\t\t\t\t\t\t\t\t<p>einen Online-Assistenten\/Life Coach Assistenten mit k\u00fcnstlicher Intelligenz. Besprechen Sie das Problem, Ihre Gedanken, mit Ihrem Alltagsfreund und finden Sie sofort L\u00f6sungen.<\/p>\n\t\t\t\t\t\t\t\t<\/div>\n\t\t\t\t<\/div>\n\t\t\t\t<\/div>\n\t\t<div class=\"elementor-element elementor-element-224f613 e-con-full e-flex e-con e-child\" data-id=\"224f613\" data-element_type=\"container\" data-e-type=\"container\">\n\t\t\t\t<\/div>\n\t\t<div class=\"elementor-element elementor-element-6a32ef4c e-con-full e-flex e-con e-child\" data-id=\"6a32ef4c\" data-element_type=\"container\" data-e-type=\"container\">\n\t\t\t\t<div class=\"elementor-element elementor-element-5996861 elementor-widget elementor-widget-heading\" data-id=\"5996861\" data-element_type=\"widget\" data-e-type=\"widget\" data-widget_type=\"heading.default\">\n\t\t\t\t<div class=\"elementor-widget-container\">\n\t\t\t\t\t<h4 class=\"elementor-heading-title elementor-size-default\">Versicherung<\/h4>\t\t\t\t<\/div>\n\t\t\t\t<\/div>\n\t\t\t\t<div class=\"elementor-element elementor-element-ccb9985 elementor-widget elementor-widget-text-editor\" data-id=\"ccb9985\" data-element_type=\"widget\" data-e-type=\"widget\" data-widget_type=\"text-editor.default\">\n\t\t\t\t<div class=\"elementor-widget-container\">\n\t\t\t\t\t\t\t\t\t<p>das Gespr\u00e4ch mit dem Psychotherapeuten ist streng pers\u00f6nlich.<\/p>\n\t\t\t\t\t\t\t\t<\/div>\n\t\t\t\t<\/div>\n\t\t\t\t<\/div>\n\t\t<div class=\"elementor-element elementor-element-4111ea1a e-con-full e-flex e-con e-child\" data-id=\"4111ea1a\" data-element_type=\"container\" data-e-type=\"container\">\n\t\t\t\t<div class=\"elementor-element elementor-element-30175b49 elementor-widget elementor-widget-text-editor\" data-id=\"30175b49\" data-element_type=\"widget\" data-e-type=\"widget\" data-widget_type=\"text-editor.default\">\n\t\t\t\t<div class=\"elementor-widget-container\">\n\t\t\t\t\t\t\t\t\t<p>Bleiben Sie auf dem Laufenden mit unseren neuesten Nachrichten, erhalten Sie exklusive Angebote und vieles mehr.<\/p>\n\t\t\t\t\t\t\t\t<\/div>\n\t\t\t\t<\/div>\n\t\t\t\t<div class=\"elementor-element elementor-element-49ec83ab elementor-widget elementor-widget-form\" data-id=\"49ec83ab\" data-element_type=\"widget\" data-e-type=\"widget\" data-settings=\"{&quot;step_next_label&quot;:&quot;N\\u00e4chste&quot;,&quot;step_previous_label&quot;:&quot;Vorherige&quot;,&quot;button_width&quot;:&quot;100&quot;,&quot;step_type&quot;:&quot;number_text&quot;,&quot;step_icon_shape&quot;:&quot;circle&quot;}\" data-widget_type=\"form.default\">\n\t\t\t\t<div class=\"elementor-widget-container\">\n\t\t\t\t\t\t\t<form class=\"elementor-form\" method=\"post\" name=\"Newsletter Formular\" aria-label=\"Newsletter Formular\">\n\t\t\t<input type=\"hidden\" name=\"post_id\" value=\"914\"\/>\n\t\t\t<input type=\"hidden\" name=\"form_id\" value=\"49ec83ab\"\/>\n\t\t\t<input type=\"hidden\" name=\"referer_title\" value=\"Konto - Lifecoacher.ai - personal development consultant\" \/>\n\n\t\t\t\t\t\t\t<input type=\"hidden\" name=\"queried_id\" value=\"914\"\/>\n\t\t\t\n\t\t\t<div class=\"elementor-form-fields-wrapper elementor-labels-\">\n\t\t\t\t\t\t\t\t<div class=\"elementor-field-type-email elementor-field-group elementor-column elementor-field-group-email elementor-col-100 elementor-field-required\">\n\t\t\t\t\t\t\t\t\t\t\t\t<label for=\"form-field-email\" class=\"elementor-field-label elementor-screen-only\">\n\t\t\t\t\t\t\t\tGeben Sie Ihre E-Mail Adresse ein  \t\t\t\t\t\t\t<\/label>\n\t\t\t\t\t\t\t\t\t\t\t\t\t\t<input size=\"1\" type=\"email\" name=\"form_fields[email]\" id=\"form-field-email\" class=\"elementor-field elementor-size-sm  elementor-field-textual\" placeholder=\"Geben Sie Ihre E-Mail Adresse ein  \" required=\"required\">\n\t\t\t\t\t\t\t\t\t\t\t<\/div>\n\t\t\t\t\t\t\t\t<div class=\"elementor-field-group elementor-column elementor-field-type-submit elementor-col-100 e-form__buttons\">\n\t\t\t\t\t<button class=\"elementor-button elementor-size-sm\" type=\"submit\">\n\t\t\t\t\t\t<span class=\"elementor-button-content-wrapper\">\n\t\t\t\t\t\t\t\t\t\t\t\t\t\t\t\t\t\t\t\t\t\t<span class=\"elementor-button-text\">abonnieren \u27f6<\/span>\n\t\t\t\t\t\t\t\t\t\t\t\t\t<\/span>\n\t\t\t\t\t<\/button>\n\t\t\t\t<\/div>\n\t\t\t<\/div>\n\t\t<\/form>\n\t\t\t\t\t\t<\/div>\n\t\t\t\t<\/div>\n\t\t\t\t<\/div>\n\t\t\t\t<\/footer>\n\t\t\t\t<\/div>\n\t\t","protected":false},"excerpt":{"rendered":"<p>\u00c4ndern Sie Ihre Denkweise, \u00e4ndern Sie Ihr Leben Lassen Sie den Therapeuten f\u00fcr Sie sorgen jetzt beginnen CHATTEN SIE JETZT LIVE MIT DEM GEISTTHERAPEUTEN Psychotherapeutin einen Online-Assistenten\/Life Coach Assistenten mit k\u00fcnstlicher Intelligenz. Besprechen Sie das Problem, Ihre Gedanken, mit Ihrem Alltagsfreund und finden Sie sofort L\u00f6sungen. Versicherung das Gespr\u00e4ch mit dem Psychotherapeuten ist streng pers\u00f6nlich. [&hellip;]<\/p>\n","protected":false},"author":1,"featured_media":0,"parent":0,"menu_order":0,"comment_status":"closed","ping_status":"closed","template":"elementor_header_footer","meta":{"footnotes":""},"class_list":["post-914","page","type-page","status-publish","hentry"],"yoast_head":"<!-- This site is optimized with the Yoast SEO plugin v27.4 - https:\/\/yoast.com\/product\/yoast-seo-wordpress\/ -->\n<title>Konto - Lifecoacher.ai - personal development consultant<\/title>\n<meta name=\"robots\" content=\"index, follow, max-snippet:-1, max-image-preview:large, max-video-preview:-1\" \/>\n<link rel=\"canonical\" href=\"https:\/\/lifecoacher.ai\/de\/konto\/\" \/>\n<meta property=\"og:locale\" content=\"de_DE\" \/>\n<meta property=\"og:type\" content=\"article\" \/>\n<meta property=\"og:title\" content=\"Konto - Lifecoacher.ai - personal development consultant\" \/>\n<meta property=\"og:description\" content=\"\u00c4ndern Sie Ihre Denkweise, \u00e4ndern Sie Ihr Leben Lassen Sie den Therapeuten f\u00fcr Sie sorgen jetzt beginnen CHATTEN SIE JETZT LIVE MIT DEM GEISTTHERAPEUTEN Psychotherapeutin einen Online-Assistenten\/Life Coach Assistenten mit k\u00fcnstlicher Intelligenz. Besprechen Sie das Problem, Ihre Gedanken, mit Ihrem Alltagsfreund und finden Sie sofort L\u00f6sungen. Versicherung das Gespr\u00e4ch mit dem Psychotherapeuten ist streng pers\u00f6nlich. [&hellip;]\" \/>\n<meta property=\"og:url\" content=\"https:\/\/lifecoacher.ai\/de\/konto\/\" \/>\n<meta property=\"og:site_name\" content=\"Lifecoacher.ai - personal development consultant\" \/>\n<meta property=\"article:modified_time\" content=\"2024-06-18T20:33:01+00:00\" \/>\n<meta property=\"og:image\" content=\"https:\/\/lifecoacher.ai\/wp-content\/uploads\/2024\/02\/2.png\" \/>\n<meta name=\"twitter:card\" content=\"summary_large_image\" \/>\n<script type=\"application\/ld+json\" class=\"yoast-schema-graph\">{\"@context\":\"https:\\\/\\\/schema.org\",\"@graph\":[{\"@type\":\"WebPage\",\"@id\":\"https:\\\/\\\/lifecoacher.ai\\\/de\\\/konto\\\/\",\"url\":\"https:\\\/\\\/lifecoacher.ai\\\/de\\\/konto\\\/\",\"name\":\"Konto - Lifecoacher.ai - personal development consultant\",\"isPartOf\":{\"@id\":\"https:\\\/\\\/lifecoacher.ai\\\/de\\\/#website\"},\"primaryImageOfPage\":{\"@id\":\"https:\\\/\\\/lifecoacher.ai\\\/de\\\/konto\\\/#primaryimage\"},\"image\":{\"@id\":\"https:\\\/\\\/lifecoacher.ai\\\/de\\\/konto\\\/#primaryimage\"},\"thumbnailUrl\":\"https:\\\/\\\/lifecoacher.ai\\\/wp-content\\\/uploads\\\/2024\\\/02\\\/2.png\",\"datePublished\":\"2024-02-12T16:32:06+00:00\",\"dateModified\":\"2024-06-18T20:33:01+00:00\",\"breadcrumb\":{\"@id\":\"https:\\\/\\\/lifecoacher.ai\\\/de\\\/konto\\\/#breadcrumb\"},\"inLanguage\":\"de\",\"potentialAction\":[{\"@type\":\"ReadAction\",\"target\":[\"https:\\\/\\\/lifecoacher.ai\\\/de\\\/konto\\\/\"]}]},{\"@type\":\"ImageObject\",\"inLanguage\":\"de\",\"@id\":\"https:\\\/\\\/lifecoacher.ai\\\/de\\\/konto\\\/#primaryimage\",\"url\":\"https:\\\/\\\/lifecoacher.ai\\\/wp-content\\\/uploads\\\/2024\\\/02\\\/2.png\",\"contentUrl\":\"https:\\\/\\\/lifecoacher.ai\\\/wp-content\\\/uploads\\\/2024\\\/02\\\/2.png\"},{\"@type\":\"BreadcrumbList\",\"@id\":\"https:\\\/\\\/lifecoacher.ai\\\/de\\\/konto\\\/#breadcrumb\",\"itemListElement\":[{\"@type\":\"ListItem\",\"position\":1,\"name\":\"Home\",\"item\":\"https:\\\/\\\/lifecoacher.ai\\\/de\\\/startseite\\\/\"},{\"@type\":\"ListItem\",\"position\":2,\"name\":\"Konto\"}]},{\"@type\":\"WebSite\",\"@id\":\"https:\\\/\\\/lifecoacher.ai\\\/de\\\/#website\",\"url\":\"https:\\\/\\\/lifecoacher.ai\\\/de\\\/\",\"name\":\"Mind therapist - personal development consultant AI lifecoacher\",\"description\":\"Lifecoacher.ai - personal development consultant\",\"publisher\":{\"@id\":\"https:\\\/\\\/lifecoacher.ai\\\/de\\\/#organization\"},\"potentialAction\":[{\"@type\":\"SearchAction\",\"target\":{\"@type\":\"EntryPoint\",\"urlTemplate\":\"https:\\\/\\\/lifecoacher.ai\\\/de\\\/?s={search_term_string}\"},\"query-input\":{\"@type\":\"PropertyValueSpecification\",\"valueRequired\":true,\"valueName\":\"search_term_string\"}}],\"inLanguage\":\"de\"},{\"@type\":\"Organization\",\"@id\":\"https:\\\/\\\/lifecoacher.ai\\\/de\\\/#organization\",\"name\":\"Mind therapist - personal development consultant\",\"url\":\"https:\\\/\\\/lifecoacher.ai\\\/de\\\/\",\"logo\":{\"@type\":\"ImageObject\",\"inLanguage\":\"de\",\"@id\":\"https:\\\/\\\/lifecoacher.ai\\\/de\\\/#\\\/schema\\\/logo\\\/image\\\/\",\"url\":\"https:\\\/\\\/lifecoacher.ai\\\/wp-content\\\/uploads\\\/2024\\\/01\\\/logo.jpg\",\"contentUrl\":\"https:\\\/\\\/lifecoacher.ai\\\/wp-content\\\/uploads\\\/2024\\\/01\\\/logo.jpg\",\"width\":300,\"height\":300,\"caption\":\"Mind therapist - personal development consultant\"},\"image\":{\"@id\":\"https:\\\/\\\/lifecoacher.ai\\\/de\\\/#\\\/schema\\\/logo\\\/image\\\/\"}}]}<\/script>\n<!-- \/ Yoast SEO plugin. -->","yoast_head_json":{"title":"Konto - Lifecoacher.ai - personal development consultant","robots":{"index":"index","follow":"follow","max-snippet":"max-snippet:-1","max-image-preview":"max-image-preview:large","max-video-preview":"max-video-preview:-1"},"canonical":"https:\/\/lifecoacher.ai\/de\/konto\/","og_locale":"de_DE","og_type":"article","og_title":"Konto - Lifecoacher.ai - personal development consultant","og_description":"\u00c4ndern Sie Ihre Denkweise, \u00e4ndern Sie Ihr Leben Lassen Sie den Therapeuten f\u00fcr Sie sorgen jetzt beginnen CHATTEN SIE JETZT LIVE MIT DEM GEISTTHERAPEUTEN Psychotherapeutin einen Online-Assistenten\/Life Coach Assistenten mit k\u00fcnstlicher Intelligenz. Besprechen Sie das Problem, Ihre Gedanken, mit Ihrem Alltagsfreund und finden Sie sofort L\u00f6sungen. Versicherung das Gespr\u00e4ch mit dem Psychotherapeuten ist streng pers\u00f6nlich. [&hellip;]","og_url":"https:\/\/lifecoacher.ai\/de\/konto\/","og_site_name":"Lifecoacher.ai - personal development consultant","article_modified_time":"2024-06-18T20:33:01+00:00","og_image":[{"url":"https:\/\/lifecoacher.ai\/wp-content\/uploads\/2024\/02\/2.png","type":"","width":"","height":""}],"twitter_card":"summary_large_image","schema":{"@context":"https:\/\/schema.org","@graph":[{"@type":"WebPage","@id":"https:\/\/lifecoacher.ai\/de\/konto\/","url":"https:\/\/lifecoacher.ai\/de\/konto\/","name":"Konto - Lifecoacher.ai - personal development consultant","isPartOf":{"@id":"https:\/\/lifecoacher.ai\/de\/#website"},"primaryImageOfPage":{"@id":"https:\/\/lifecoacher.ai\/de\/konto\/#primaryimage"},"image":{"@id":"https:\/\/lifecoacher.ai\/de\/konto\/#primaryimage"},"thumbnailUrl":"https:\/\/lifecoacher.ai\/wp-content\/uploads\/2024\/02\/2.png","datePublished":"2024-02-12T16:32:06+00:00","dateModified":"2024-06-18T20:33:01+00:00","breadcrumb":{"@id":"https:\/\/lifecoacher.ai\/de\/konto\/#breadcrumb"},"inLanguage":"de","potentialAction":[{"@type":"ReadAction","target":["https:\/\/lifecoacher.ai\/de\/konto\/"]}]},{"@type":"ImageObject","inLanguage":"de","@id":"https:\/\/lifecoacher.ai\/de\/konto\/#primaryimage","url":"https:\/\/lifecoacher.ai\/wp-content\/uploads\/2024\/02\/2.png","contentUrl":"https:\/\/lifecoacher.ai\/wp-content\/uploads\/2024\/02\/2.png"},{"@type":"BreadcrumbList","@id":"https:\/\/lifecoacher.ai\/de\/konto\/#breadcrumb","itemListElement":[{"@type":"ListItem","position":1,"name":"Home","item":"https:\/\/lifecoacher.ai\/de\/startseite\/"},{"@type":"ListItem","position":2,"name":"Konto"}]},{"@type":"WebSite","@id":"https:\/\/lifecoacher.ai\/de\/#website","url":"https:\/\/lifecoacher.ai\/de\/","name":"Mind therapist - personal development consultant AI lifecoacher","description":"Lifecoacher.ai - personal development consultant","publisher":{"@id":"https:\/\/lifecoacher.ai\/de\/#organization"},"potentialAction":[{"@type":"SearchAction","target":{"@type":"EntryPoint","urlTemplate":"https:\/\/lifecoacher.ai\/de\/?s={search_term_string}"},"query-input":{"@type":"PropertyValueSpecification","valueRequired":true,"valueName":"search_term_string"}}],"inLanguage":"de"},{"@type":"Organization","@id":"https:\/\/lifecoacher.ai\/de\/#organization","name":"Mind therapist - personal development consultant","url":"https:\/\/lifecoacher.ai\/de\/","logo":{"@type":"ImageObject","inLanguage":"de","@id":"https:\/\/lifecoacher.ai\/de\/#\/schema\/logo\/image\/","url":"https:\/\/lifecoacher.ai\/wp-content\/uploads\/2024\/01\/logo.jpg","contentUrl":"https:\/\/lifecoacher.ai\/wp-content\/uploads\/2024\/01\/logo.jpg","width":300,"height":300,"caption":"Mind therapist - personal development consultant"},"image":{"@id":"https:\/\/lifecoacher.ai\/de\/#\/schema\/logo\/image\/"}}]}},"_links":{"self":[{"href":"https:\/\/lifecoacher.ai\/de\/wp-json\/wp\/v2\/pages\/914","targetHints":{"allow":["GET"]}}],"collection":[{"href":"https:\/\/lifecoacher.ai\/de\/wp-json\/wp\/v2\/pages"}],"about":[{"href":"https:\/\/lifecoacher.ai\/de\/wp-json\/wp\/v2\/types\/page"}],"author":[{"embeddable":true,"href":"https:\/\/lifecoacher.ai\/de\/wp-json\/wp\/v2\/users\/1"}],"replies":[{"embeddable":true,"href":"https:\/\/lifecoacher.ai\/de\/wp-json\/wp\/v2\/comments?post=914"}],"version-history":[{"count":1,"href":"https:\/\/lifecoacher.ai\/de\/wp-json\/wp\/v2\/pages\/914\/revisions"}],"predecessor-version":[{"id":917,"href":"https:\/\/lifecoacher.ai\/de\/wp-json\/wp\/v2\/pages\/914\/revisions\/917"}],"wp:attachment":[{"href":"https:\/\/lifecoacher.ai\/de\/wp-json\/wp\/v2\/media?parent=914"}],"curies":[{"name":"wp","href":"https:\/\/api.w.org\/{rel}","templated":true}]}}